{"id":126,"date":"2017-04-24T09:54:44","date_gmt":"2017-04-24T09:54:44","guid":{"rendered":"https:\/\/www.infirmieres-lepontet.fr\/?page_id=126"},"modified":"2024-08-31T18:01:48","modified_gmt":"2024-08-31T16:01:48","slug":"rendez-vous","status":"publish","type":"page","link":"https:\/\/www.infirmieres-lepontet.fr\/index.php\/rendez-vous\/","title":{"rendered":"Rendez-vous"},"content":{"rendered":"<div class=\"wpb-content-wrapper\"><p>[vc_row][vc_column][vc_empty_space alter_height=\u00a0\u00bbmedium\u00a0\u00bb hide_on_mobile=\u00a0\u00bb\u00a0\u00bb]<div id=\"sc_title_570798557\"\r\n\t\tclass=\"sc_title color_style_default sc_title_default\"><h3 class=\"sc_item_title sc_title_title sc_align_center sc_item_title_style_default\">Prendre rendez-vous<\/h3><\/div><!-- \/.sc_title -->[vc_empty_space alter_height=\u00a0\u00bbmedium\u00a0\u00bb hide_on_mobile=\u00a0\u00bb\u00a0\u00bb][vc_column_text]Nous nous d\u00e9pla\u00e7ons \u00e0 domicile et assurons une permanence de soins au cabinet, sur rendez-vous. Contactez-nous en utilisant les formulaires suivants selon votre besoin, ou directement par t\u00e9l\u00e9phone au <a href=\"tel:0780984130\">+33 7 809 84130<\/a>.<\/p>\n<p>Pour permettre une bonne mise en route de votre prise en charge, vous devez d\u00e9tenir une <strong>prescription m\u00e9dicale<\/strong> d\u00e9taillant le ou les soins infirmiers.<\/p>\n<p>Lors de votre premier rendez-vous, l\u2019infirmi\u00e8re \u00e0 domicile se permettra de vous demander votre <strong>carte vitale<\/strong>, <strong>carte de mutuelle<\/strong> ou tout document permettant de d\u00e9clencher un remboursement des soins par les caisses concern\u00e9es. Si vous n\u2019\u00eates pas en possession de tels documents, une <strong>feuille de soins<\/strong> vous sera remise et le <strong>r\u00e8glement<\/strong> pourra vous \u00eatre \u00e9ventuellement demand\u00e9.[\/vc_column_text][vc_empty_space alter_height=\u00a0\u00bbmedium\u00a0\u00bb hide_on_mobile=\u00a0\u00bb\u00a0\u00bb][vc_column_text]Choisissez ci-dessous le type de soin souhait\u00e9 afin d&rsquo;acc\u00e9der au formulaire ad\u00e9quat :[\/vc_column_text][\/vc_column][\/vc_row][vc_row][vc_column][vc_empty_space alter_height=\u00a0\u00bbmedium\u00a0\u00bb hide_on_mobile=\u00a0\u00bb\u00a0\u00bb]<div id=\"sc_services_1890875659\" class=\"sc_services color_style_default sc_services_default sc_services_featured_left\"><div class=\"sc_services_columns sc_item_columns sc_item_columns_2 trx_addons_columns_wrap columns_padding_bottom\"><div class=\"trx_addons_column-1_2\"><div class=\"sc_services_item with_content with_icon sc_services_item_featured_left\">\r\n\t<a href=\"https:\/\/www.infirmieres-lepontet.fr\/index.php\/services\/soins-a-domicile\/\"\r\n\t\t\t id=\"sc_services_1890875659_icon-locator\"\r\n\t\t\t class=\"sc_services_item_icon icon-locator\"\r\n\t\t\t ><\/a>\t\r\n\t<div class=\"sc_services_item_info\">\r\n\t\t<div class=\"sc_services_item_header\">\r\n\t\t\t<h4 class=\"sc_services_item_title\"><a href=\"https:\/\/www.infirmieres-lepontet.fr\/index.php\/services\/soins-a-domicile\/\">Soins \u00e0 domicile<\/a><\/h4>\r\n\t\t\t<div class=\"sc_services_item_subtitle\"><a href=\"https:\/\/www.infirmieres-lepontet.fr\/index.php\/services_group\/services\/\" title=\"View all posts in Services\">Services<\/a><\/div>\r\n\t\t<\/div>\r\n\t\t\t\t\t<div class=\"sc_services_item_content\"><p>Soins infirmiers \u00e0 domicile sur tout le secteur du Pontet et limitrophe.<\/p>\n<p>Tous soins sur prescription m\u00e9dicale.<\/p>\n<\/div>\r\n\t\t\t<div class=\"sc_services_item_button sc_item_button\"><a href=\"https:\/\/www.infirmieres-lepontet.fr\/index.php\/services\/soins-a-domicile\/\" class=\"sc_button sc_button_simple\">Learn more<\/a><\/div>\r\n\t\t\t<\/div>\r\n<\/div>\r\n<\/div><div class=\"trx_addons_column-1_2\"><div class=\"sc_services_item with_content with_icon sc_services_item_featured_left\">\r\n\t<a href=\"https:\/\/www.infirmieres-lepontet.fr\/index.php\/services\/acces-pmr\/\"\r\n\t\t\t id=\"sc_services_1890875659_icon-5\"\r\n\t\t\t class=\"sc_services_item_icon icon-5\"\r\n\t\t\t ><\/a>\t\r\n\t<div class=\"sc_services_item_info\">\r\n\t\t<div class=\"sc_services_item_header\">\r\n\t\t\t<h4 class=\"sc_services_item_title\"><a href=\"https:\/\/www.infirmieres-lepontet.fr\/index.php\/services\/acces-pmr\/\">Permanence de soins au Cabinet Infirmier<\/a><\/h4>\r\n\t\t\t<div class=\"sc_services_item_subtitle\"><a href=\"https:\/\/www.infirmieres-lepontet.fr\/index.php\/services_group\/services\/\" title=\"View all posts in Services\">Services<\/a><\/div>\r\n\t\t<\/div>\r\n\t\t\t\t\t<div class=\"sc_services_item_content\"><p>Soin de base dans les meilleurs d\u00e9lais, avec acc\u00e8s PMR \u00e0 notre Cabinet Infirmier.<\/p>\n<\/div>\r\n\t\t\t<div class=\"sc_services_item_button sc_item_button\"><a href=\"https:\/\/www.infirmieres-lepontet.fr\/index.php\/services\/acces-pmr\/\" class=\"sc_button sc_button_simple\">Learn more<\/a><\/div>\r\n\t\t\t<\/div>\r\n<\/div>\r\n<\/div><\/div><\/div><!-- \/.sc_services -->[vc_empty_space alter_height=\u00a0\u00bbmedium\u00a0\u00bb hide_on_mobile=\u00a0\u00bb\u00a0\u00bb][\/vc_column][\/vc_row]<\/p>\n<\/div>","protected":false},"excerpt":{"rendered":"<p>[vc_row][vc_column][vc_empty_space alter_height=\u00a0\u00bbmedium\u00a0\u00bb hide_on_mobile=\u00a0\u00bb\u00a0\u00bb][vc_empty_space alter_height=\u00a0\u00bbmedium\u00a0\u00bb hide_on_mobile=\u00a0\u00bb\u00a0\u00bb][vc_column_text]Nous nous d\u00e9pla\u00e7ons \u00e0 domicile et assurons une permanence de soins au cabinet, sur rendez-vous. Contactez-nous en utilisant les formulaires suivants selon votre besoin, ou directement par t\u00e9l\u00e9phone au +33 7 809 84130. Pour permettre une bonne mise en route de votre prise en charge, vous devez d\u00e9tenir une prescription m\u00e9dicale d\u00e9taillant le ou les soins&hellip;<\/p>\n","protected":false},"author":1,"featured_media":0,"parent":0,"menu_order":0,"comment_status":"closed","ping_status":"closed","template":"","meta":{"footnotes":""},"class_list":["post-126","page","type-page","status-publish","hentry"],"yoast_head":"<!-- This site is optimized with the Yoast SEO plugin v27.3 - https:\/\/yoast.com\/product\/yoast-seo-wordpress\/ -->\n<title>Rendez-vous - Cabinet Infirmier Le Pontet JAMET HENRION<\/title>\n<meta name=\"robots\" content=\"index, follow, max-snippet:-1, max-image-preview:large, max-video-preview:-1\" \/>\n<link rel=\"canonical\" href=\"https:\/\/www.infirmieres-lepontet.fr\/index.php\/rendez-vous\/\" \/>\n<meta property=\"og:locale\" content=\"fr_FR\" \/>\n<meta property=\"og:type\" content=\"article\" \/>\n<meta property=\"og:title\" content=\"Rendez-vous - Cabinet Infirmier Le Pontet JAMET HENRION\" \/>\n<meta property=\"og:description\" content=\"[vc_row][vc_column][vc_empty_space alter_height=\u00a0\u00bbmedium\u00a0\u00bb hide_on_mobile=\u00a0\u00bb\u00a0\u00bb][vc_empty_space alter_height=\u00a0\u00bbmedium\u00a0\u00bb hide_on_mobile=\u00a0\u00bb\u00a0\u00bb][vc_column_text]Nous nous d\u00e9pla\u00e7ons \u00e0 domicile et assurons une permanence de soins au cabinet, sur rendez-vous. Contactez-nous en utilisant les formulaires suivants selon votre besoin, ou directement par t\u00e9l\u00e9phone au +33 7 809 84130. Pour permettre une bonne mise en route de votre prise en charge, vous devez d\u00e9tenir une prescription m\u00e9dicale d\u00e9taillant le ou les soins&hellip;\" \/>\n<meta property=\"og:url\" content=\"https:\/\/www.infirmieres-lepontet.fr\/index.php\/rendez-vous\/\" \/>\n<meta property=\"og:site_name\" content=\"Cabinet Infirmier Le Pontet JAMET HENRION\" \/>\n<meta property=\"article:publisher\" content=\"https:\/\/www.facebook.com\/people\/Cabinet-Infirmier-Le-Pontet-Jamet-Henrion\/61564967199731\/\" \/>\n<meta property=\"article:modified_time\" content=\"2024-08-31T16:01:48+00:00\" \/>\n<meta name=\"twitter:card\" content=\"summary_large_image\" \/>\n<meta name=\"twitter:label1\" content=\"Dur\u00e9e de lecture estim\u00e9e\" \/>\n\t<meta name=\"twitter:data1\" content=\"1 minute\" \/>\n<script type=\"application\/ld+json\" class=\"yoast-schema-graph\">{\"@context\":\"https:\\\/\\\/schema.org\",\"@graph\":[{\"@type\":\"WebPage\",\"@id\":\"https:\\\/\\\/www.infirmieres-lepontet.fr\\\/index.php\\\/rendez-vous\\\/\",\"url\":\"https:\\\/\\\/www.infirmieres-lepontet.fr\\\/index.php\\\/rendez-vous\\\/\",\"name\":\"Rendez-vous - Cabinet Infirmier Le Pontet JAMET HENRION\",\"isPartOf\":{\"@id\":\"https:\\\/\\\/www.infirmieres-lepontet.fr\\\/#website\"},\"datePublished\":\"2017-04-24T09:54:44+00:00\",\"dateModified\":\"2024-08-31T16:01:48+00:00\",\"breadcrumb\":{\"@id\":\"https:\\\/\\\/www.infirmieres-lepontet.fr\\\/index.php\\\/rendez-vous\\\/#breadcrumb\"},\"inLanguage\":\"fr-FR\",\"potentialAction\":[{\"@type\":\"ReadAction\",\"target\":[\"https:\\\/\\\/www.infirmieres-lepontet.fr\\\/index.php\\\/rendez-vous\\\/\"]}]},{\"@type\":\"BreadcrumbList\",\"@id\":\"https:\\\/\\\/www.infirmieres-lepontet.fr\\\/index.php\\\/rendez-vous\\\/#breadcrumb\",\"itemListElement\":[{\"@type\":\"ListItem\",\"position\":1,\"name\":\"Accueil\",\"item\":\"https:\\\/\\\/www.infirmieres-lepontet.fr\\\/\"},{\"@type\":\"ListItem\",\"position\":2,\"name\":\"Rendez-vous\"}]},{\"@type\":\"WebSite\",\"@id\":\"https:\\\/\\\/www.infirmieres-lepontet.fr\\\/#website\",\"url\":\"https:\\\/\\\/www.infirmieres-lepontet.fr\\\/\",\"name\":\"Cabinet Infirmier Le Pontet JAMET HENRION\",\"description\":\"Votre sant\u00e9, notre priorit\u00e9\",\"publisher\":{\"@id\":\"https:\\\/\\\/www.infirmieres-lepontet.fr\\\/#organization\"},\"potentialAction\":[{\"@type\":\"SearchAction\",\"target\":{\"@type\":\"EntryPoint\",\"urlTemplate\":\"https:\\\/\\\/www.infirmieres-lepontet.fr\\\/?s={search_term_string}\"},\"query-input\":{\"@type\":\"PropertyValueSpecification\",\"valueRequired\":true,\"valueName\":\"search_term_string\"}}],\"inLanguage\":\"fr-FR\"},{\"@type\":\"Organization\",\"@id\":\"https:\\\/\\\/www.infirmieres-lepontet.fr\\\/#organization\",\"name\":\"Cabinet Infirmier Le Pontet JAMET HENRION\",\"url\":\"https:\\\/\\\/www.infirmieres-lepontet.fr\\\/\",\"logo\":{\"@type\":\"ImageObject\",\"inLanguage\":\"fr-FR\",\"@id\":\"https:\\\/\\\/www.infirmieres-lepontet.fr\\\/#\\\/schema\\\/logo\\\/image\\\/\",\"url\":\"https:\\\/\\\/www.infirmieres-lepontet.fr\\\/wp-content\\\/uploads\\\/2024\\\/08\\\/cropped-icone-cabinet.png\",\"contentUrl\":\"https:\\\/\\\/www.infirmieres-lepontet.fr\\\/wp-content\\\/uploads\\\/2024\\\/08\\\/cropped-icone-cabinet.png\",\"width\":512,\"height\":512,\"caption\":\"Cabinet Infirmier Le Pontet JAMET HENRION\"},\"image\":{\"@id\":\"https:\\\/\\\/www.infirmieres-lepontet.fr\\\/#\\\/schema\\\/logo\\\/image\\\/\"},\"sameAs\":[\"https:\\\/\\\/www.facebook.com\\\/people\\\/Cabinet-Infirmier-Le-Pontet-Jamet-Henrion\\\/61564967199731\\\/\"]}]}<\/script>\n<!-- \/ Yoast SEO plugin. -->","yoast_head_json":{"title":"Rendez-vous - Cabinet Infirmier Le Pontet JAMET HENRION","robots":{"index":"index","follow":"follow","max-snippet":"max-snippet:-1","max-image-preview":"max-image-preview:large","max-video-preview":"max-video-preview:-1"},"canonical":"https:\/\/www.infirmieres-lepontet.fr\/index.php\/rendez-vous\/","og_locale":"fr_FR","og_type":"article","og_title":"Rendez-vous - Cabinet Infirmier Le Pontet JAMET HENRION","og_description":"[vc_row][vc_column][vc_empty_space alter_height=\u00a0\u00bbmedium\u00a0\u00bb hide_on_mobile=\u00a0\u00bb\u00a0\u00bb][vc_empty_space alter_height=\u00a0\u00bbmedium\u00a0\u00bb hide_on_mobile=\u00a0\u00bb\u00a0\u00bb][vc_column_text]Nous nous d\u00e9pla\u00e7ons \u00e0 domicile et assurons une permanence de soins au cabinet, sur rendez-vous. Contactez-nous en utilisant les formulaires suivants selon votre besoin, ou directement par t\u00e9l\u00e9phone au +33 7 809 84130. Pour permettre une bonne mise en route de votre prise en charge, vous devez d\u00e9tenir une prescription m\u00e9dicale d\u00e9taillant le ou les soins&hellip;","og_url":"https:\/\/www.infirmieres-lepontet.fr\/index.php\/rendez-vous\/","og_site_name":"Cabinet Infirmier Le Pontet JAMET HENRION","article_publisher":"https:\/\/www.facebook.com\/people\/Cabinet-Infirmier-Le-Pontet-Jamet-Henrion\/61564967199731\/","article_modified_time":"2024-08-31T16:01:48+00:00","twitter_card":"summary_large_image","twitter_misc":{"Dur\u00e9e de lecture estim\u00e9e":"1 minute"},"schema":{"@context":"https:\/\/schema.org","@graph":[{"@type":"WebPage","@id":"https:\/\/www.infirmieres-lepontet.fr\/index.php\/rendez-vous\/","url":"https:\/\/www.infirmieres-lepontet.fr\/index.php\/rendez-vous\/","name":"Rendez-vous - Cabinet Infirmier Le Pontet JAMET HENRION","isPartOf":{"@id":"https:\/\/www.infirmieres-lepontet.fr\/#website"},"datePublished":"2017-04-24T09:54:44+00:00","dateModified":"2024-08-31T16:01:48+00:00","breadcrumb":{"@id":"https:\/\/www.infirmieres-lepontet.fr\/index.php\/rendez-vous\/#breadcrumb"},"inLanguage":"fr-FR","potentialAction":[{"@type":"ReadAction","target":["https:\/\/www.infirmieres-lepontet.fr\/index.php\/rendez-vous\/"]}]},{"@type":"BreadcrumbList","@id":"https:\/\/www.infirmieres-lepontet.fr\/index.php\/rendez-vous\/#breadcrumb","itemListElement":[{"@type":"ListItem","position":1,"name":"Accueil","item":"https:\/\/www.infirmieres-lepontet.fr\/"},{"@type":"ListItem","position":2,"name":"Rendez-vous"}]},{"@type":"WebSite","@id":"https:\/\/www.infirmieres-lepontet.fr\/#website","url":"https:\/\/www.infirmieres-lepontet.fr\/","name":"Cabinet Infirmier Le Pontet JAMET HENRION","description":"Votre sant\u00e9, notre priorit\u00e9","publisher":{"@id":"https:\/\/www.infirmieres-lepontet.fr\/#organization"},"potentialAction":[{"@type":"SearchAction","target":{"@type":"EntryPoint","urlTemplate":"https:\/\/www.infirmieres-lepontet.fr\/?s={search_term_string}"},"query-input":{"@type":"PropertyValueSpecification","valueRequired":true,"valueName":"search_term_string"}}],"inLanguage":"fr-FR"},{"@type":"Organization","@id":"https:\/\/www.infirmieres-lepontet.fr\/#organization","name":"Cabinet Infirmier Le Pontet JAMET HENRION","url":"https:\/\/www.infirmieres-lepontet.fr\/","logo":{"@type":"ImageObject","inLanguage":"fr-FR","@id":"https:\/\/www.infirmieres-lepontet.fr\/#\/schema\/logo\/image\/","url":"https:\/\/www.infirmieres-lepontet.fr\/wp-content\/uploads\/2024\/08\/cropped-icone-cabinet.png","contentUrl":"https:\/\/www.infirmieres-lepontet.fr\/wp-content\/uploads\/2024\/08\/cropped-icone-cabinet.png","width":512,"height":512,"caption":"Cabinet Infirmier Le Pontet JAMET HENRION"},"image":{"@id":"https:\/\/www.infirmieres-lepontet.fr\/#\/schema\/logo\/image\/"},"sameAs":["https:\/\/www.facebook.com\/people\/Cabinet-Infirmier-Le-Pontet-Jamet-Henrion\/61564967199731\/"]}]}},"_links":{"self":[{"href":"https:\/\/www.infirmieres-lepontet.fr\/index.php\/wp-json\/wp\/v2\/pages\/126","targetHints":{"allow":["GET"]}}],"collection":[{"href":"https:\/\/www.infirmieres-lepontet.fr\/index.php\/wp-json\/wp\/v2\/pages"}],"about":[{"href":"https:\/\/www.infirmieres-lepontet.fr\/index.php\/wp-json\/wp\/v2\/types\/page"}],"author":[{"embeddable":true,"href":"https:\/\/www.infirmieres-lepontet.fr\/index.php\/wp-json\/wp\/v2\/users\/1"}],"replies":[{"embeddable":true,"href":"https:\/\/www.infirmieres-lepontet.fr\/index.php\/wp-json\/wp\/v2\/comments?post=126"}],"version-history":[{"count":20,"href":"https:\/\/www.infirmieres-lepontet.fr\/index.php\/wp-json\/wp\/v2\/pages\/126\/revisions"}],"predecessor-version":[{"id":1365,"href":"https:\/\/www.infirmieres-lepontet.fr\/index.php\/wp-json\/wp\/v2\/pages\/126\/revisions\/1365"}],"wp:attachment":[{"href":"https:\/\/www.infirmieres-lepontet.fr\/index.php\/wp-json\/wp\/v2\/media?parent=126"}],"curies":[{"name":"wp","href":"https:\/\/api.w.org\/{rel}","templated":true}]}}